{"id":274,"date":"2025-04-11T13:03:55","date_gmt":"2025-04-11T13:03:55","guid":{"rendered":"https:\/\/mattiellose.com.br\/?page_id=274"},"modified":"2025-05-07T18:41:56","modified_gmt":"2025-05-07T18:41:56","slug":"servicos","status":"publish","type":"page","link":"https:\/\/mattiellose.com.br\/index.php\/servicos\/","title":{"rendered":"Servi\u00e7os"},"content":{"rendered":"\t\t<div data-elementor-type=\"wp-page\" data-elementor-id=\"274\" class=\"elementor elementor-274\" data-elementor-post-type=\"page\">\n\t\t\t\t\t\t<section class=\"elementor-section elementor-top-section elementor-element elementor-element-52df621d elementor-section-boxed elementor-section-height-default elementor-section-height-default\" data-id=\"52df621d\" data-element_type=\"section\" data-e-type=\"section\" data-settings=\"{&quot;background_background&quot;:&quot;classic&quot;}\">\n\t\t\t\t\t\t\t<div class=\"elementor-background-overlay\"><\/div>\n\t\t\t\t\t\t\t<div class=\"elementor-container elementor-column-gap-default\">\n\t\t\t\t\t<div class=\"elementor-column elementor-col-100 elementor-top-column elementor-element elementor-element-197d7c33\" data-id=\"197d7c33\" data-element_type=\"column\" data-e-type=\"column\" data-settings=\"{&quot;background_background&quot;:&quot;classic&quot;}\">\n\t\t\t<div class=\"elementor-widget-wrap elementor-element-populated\">\n\t\t\t\t\t\t<div class=\"elementor-element elementor-element-62f33cb1 elementor-widget elementor-widget-heading\" data-id=\"62f33cb1\" data-element_type=\"widget\" data-e-type=\"widget\" data-widget_type=\"heading.default\">\n\t\t\t\t<div class=\"elementor-widget-container\">\n\t\t\t\t\t<h2 class=\"elementor-heading-title elementor-size-default\">Servi\u00e7os<\/h2>\t\t\t\t<\/div>\n\t\t\t\t<\/div>\n\t\t\t\t<div class=\"elementor-element elementor-element-6a2816f2 elementor-icon-list--layout-inline elementor-align-center elementor-mobile-align-center elementor-list-item-link-full_width elementor-widget elementor-widget-icon-list\" data-id=\"6a2816f2\" data-element_type=\"widget\" data-e-type=\"widget\" data-widget_type=\"icon-list.default\">\n\t\t\t\t<div class=\"elementor-widget-container\">\n\t\t\t\t\t\t\t<ul class=\"elementor-icon-list-items elementor-inline-items\">\n\t\t\t\t\t\t\t<li class=\"elementor-icon-list-item elementor-inline-item\">\n\t\t\t\t\t\t\t\t\t\t<span class=\"elementor-icon-list-text\">In\u00edcio<\/span>\n\t\t\t\t\t\t\t\t\t<\/li>\n\t\t\t\t\t\t\t\t<li class=\"elementor-icon-list-item elementor-inline-item\">\n\t\t\t\t\t\t\t\t\t\t\t<span class=\"elementor-icon-list-icon\">\n\t\t\t\t\t\t\t<svg aria-hidden=\"true\" class=\"e-font-icon-svg e-fas-chevron-right\" viewBox=\"0 0 320 512\" xmlns=\"http:\/\/www.w3.org\/2000\/svg\"><path d=\"M285.476 272.971L91.132 467.314c-9.373 9.373-24.569 9.373-33.941 0l-22.667-22.667c-9.357-9.357-9.375-24.522-.04-33.901L188.505 256 34.484 101.255c-9.335-9.379-9.317-24.544.04-33.901l22.667-22.667c9.373-9.373 24.569-9.373 33.941 0L285.475 239.03c9.373 9.372 9.373 24.568.001 33.941z\"><\/path><\/svg>\t\t\t\t\t\t<\/span>\n\t\t\t\t\t\t\t\t\t\t<span class=\"elementor-icon-list-text\">Servi\u00e7os<\/span>\n\t\t\t\t\t\t\t\t\t<\/li>\n\t\t\t\t\t\t<\/ul>\n\t\t\t\t\t\t<\/div>\n\t\t\t\t<\/div>\n\t\t\t\t\t<\/div>\n\t\t<\/div>\n\t\t\t\t\t<\/div>\n\t\t<\/section>\n\t\t<div class=\"elementor-element elementor-element-4528fc6 e-flex e-con-boxed e-con e-parent\" data-id=\"4528fc6\" data-element_type=\"container\" data-e-type=\"container\">\n\t\t\t\t\t<div class=\"e-con-inner\">\n\t\t<div class=\"elementor-element elementor-element-2983a77 e-con-full e-flex e-con e-child\" data-id=\"2983a77\" data-element_type=\"container\" data-e-type=\"container\">\n\t\t\t\t<div class=\"elementor-element elementor-element-1207007 elementor-invisible elementor-widget elementor-widget-heading\" data-id=\"1207007\" data-element_type=\"widget\" data-e-type=\"widget\" data-settings=\"{&quot;_animation&quot;:&quot;fadeInDown&quot;}\" data-widget_type=\"heading.default\">\n\t\t\t\t<div class=\"elementor-widget-container\">\n\t\t\t\t\t<h2 class=\"elementor-heading-title elementor-size-default\">Qualidade e confian\u00e7a na presta\u00e7\u00e3o de servi\u00e7os<\/h2>\t\t\t\t<\/div>\n\t\t\t\t<\/div>\n\t\t<div class=\"elementor-element elementor-element-49970a9 e-con-full e-flex e-con e-child\" data-id=\"49970a9\" data-element_type=\"container\" data-e-type=\"container\">\n\t\t<div class=\"elementor-element elementor-element-9d2f488 e-con-full e-flex e-con e-child\" data-id=\"9d2f488\" data-element_type=\"container\" data-e-type=\"container\">\n\t\t\t\t<div class=\"elementor-element elementor-element-950efb7 jkit-equal-height-disable elementor-widget elementor-widget-jkit_icon_box\" data-id=\"950efb7\" data-element_type=\"widget\" data-e-type=\"widget\" data-widget_type=\"jkit_icon_box.default\">\n\t\t\t\t<div class=\"elementor-widget-container\">\n\t\t\t\t\t<div  class=\"jeg-elementor-kit jkit-icon-box icon-position- elementor-animation- jeg_module___6a0714462bd8a\" ><div class=\"jkit-icon-box-wrapper hover-from-left\"><div class=\"icon-box icon-box-header elementor-animation-\"><div class=\"icon style-color\"><i aria-hidden=\"true\" class=\"jki jki-handshake\"><\/i><\/div><\/div><div class=\"icon-box icon-box-body\">\n                <h2 class=\"title\">Assessoria Imobili\u00e1ria<\/h2><p class=\"icon-box-description\">Assesoria e Documenta\u00e7\u00e3o<\/p><div class=\"icon-box-button \">\n                <div class=\"btn-wrapper icon-position-before\">\n                    <a href=\"https:\/\/mattiellose.com.br\/index.php\/assessoria-imobiliaria\/\" class=\"icon-box-link\" aria-label=\"Saiba Mais\">Saiba Mais<\/a>\n                <\/div>\n            <\/div>\n            <\/div>\n            \n            <div class=hover-watermark>\n                <i aria-hidden=\"true\" class=\"jki jki-handshake\"><\/i>\n            <\/div><\/div><\/div>\t\t\t\t<\/div>\n\t\t\t\t<\/div>\n\t\t\t\t<\/div>\n\t\t<div class=\"elementor-element elementor-element-785e78e e-con-full e-flex e-con e-child\" data-id=\"785e78e\" data-element_type=\"container\" data-e-type=\"container\">\n\t\t\t\t<div class=\"elementor-element elementor-element-b6cbdcb jkit-equal-height-disable elementor-widget elementor-widget-jkit_icon_box\" data-id=\"b6cbdcb\" data-element_type=\"widget\" data-e-type=\"widget\" data-widget_type=\"jkit_icon_box.default\">\n\t\t\t\t<div class=\"elementor-widget-container\">\n\t\t\t\t\t<div  class=\"jeg-elementor-kit jkit-icon-box icon-position- elementor-animation- jeg_module__1_6a0714462d08b\" ><div class=\"jkit-icon-box-wrapper hover-from-left\"><div class=\"icon-box icon-box-header elementor-animation-\"><div class=\"icon style-color\"><i aria-hidden=\"true\" class=\"jki jki-apartment-light\"><\/i><\/div><\/div><div class=\"icon-box icon-box-body\">\n                <h2 class=\"title\">Urbanismo<\/h2><p class=\"icon-box-description\">Projetos e Consultoria T\u00e9cnica<\/p><div class=\"icon-box-button \">\n                <div class=\"btn-wrapper icon-position-before\">\n                    <a href=\"https:\/\/mattiellose.com.br\/index.php\/arquitetura\/\" class=\"icon-box-link\" aria-label=\"Saiba Mais\">Saiba Mais<\/a>\n                <\/div>\n            <\/div>\n            <\/div>\n            \n            <div class=hover-watermark>\n                <i aria-hidden=\"true\" class=\"jki jki-apartment-light\"><\/i>\n            <\/div><\/div><\/div>\t\t\t\t<\/div>\n\t\t\t\t<\/div>\n\t\t\t\t<\/div>\n\t\t<div class=\"elementor-element elementor-element-d4e1d23 e-con-full e-flex e-con e-child\" data-id=\"d4e1d23\" data-element_type=\"container\" data-e-type=\"container\">\n\t\t\t\t<div class=\"elementor-element elementor-element-a2d8558 jkit-equal-height-disable elementor-widget elementor-widget-jkit_icon_box\" data-id=\"a2d8558\" data-element_type=\"widget\" data-e-type=\"widget\" data-widget_type=\"jkit_icon_box.default\">\n\t\t\t\t<div class=\"elementor-widget-container\">\n\t\t\t\t\t<div  class=\"jeg-elementor-kit jkit-icon-box icon-position-top elementor-animation- jeg_module__2_6a0714462dc02\" ><div class=\"jkit-icon-box-wrapper hover-from-left\"><div class=\"icon-box icon-box-header elementor-animation-\"><div class=\"icon style-color\"><i aria-hidden=\"true\" class=\"icon icon-building\"><\/i><\/div><\/div><div class=\"icon-box icon-box-body\">\n                <h2 class=\"title\">Arquitetura<\/h2><p class=\"icon-box-description\">Projetos e Regulariza\u00e7\u00e3o<\/p><div class=\"icon-box-button \">\n                <div class=\"btn-wrapper icon-position-before\">\n                    <a href=\"https:\/\/mattiellose.com.br\/index.php\/arquitetura-2\/\" class=\"icon-box-link\" aria-label=\"Saiba Mais\">Saiba Mais<\/a>\n                <\/div>\n            <\/div>\n            <\/div>\n            \n            <div class=hover-watermark>\n                <i aria-hidden=\"true\" class=\"icon icon-building\"><\/i>\n            <\/div><\/div><\/div>\t\t\t\t<\/div>\n\t\t\t\t<\/div>\n\t\t\t\t<\/div>\n\t\t\t\t<\/div>\n\t\t\t\t<\/div>\n\t\t\t\t\t<\/div>\n\t\t\t\t<\/div>\n\t\t\t\t<\/div>\n\t\t","protected":false},"excerpt":{"rendered":"<p>Servi\u00e7os In\u00edcio Servi\u00e7os Qualidade e confian\u00e7a na presta\u00e7\u00e3o de servi\u00e7os Assessoria Imobili\u00e1ria Assesoria e Documenta\u00e7\u00e3o Saiba Mais Urbanismo Projetos e Consultoria T\u00e9cnica Saiba Mais Arquitetura Projetos e Regulariza\u00e7\u00e3o Saiba Mais<\/p>\n","protected":false},"author":1,"featured_media":0,"parent":0,"menu_order":0,"comment_status":"closed","ping_status":"closed","template":"","meta":{"footnotes":""},"class_list":["post-274","page","type-page","status-publish","hentry"],"_links":{"self":[{"href":"https:\/\/mattiellose.com.br\/index.php\/wp-json\/wp\/v2\/pages\/274","targetHints":{"allow":["GET"]}}],"collection":[{"href":"https:\/\/mattiellose.com.br\/index.php\/wp-json\/wp\/v2\/pages"}],"about":[{"href":"https:\/\/mattiellose.com.br\/index.php\/wp-json\/wp\/v2\/types\/page"}],"author":[{"embeddable":true,"href":"https:\/\/mattiellose.com.br\/index.php\/wp-json\/wp\/v2\/users\/1"}],"replies":[{"embeddable":true,"href":"https:\/\/mattiellose.com.br\/index.php\/wp-json\/wp\/v2\/comments?post=274"}],"version-history":[{"count":64,"href":"https:\/\/mattiellose.com.br\/index.php\/wp-json\/wp\/v2\/pages\/274\/revisions"}],"predecessor-version":[{"id":693,"href":"https:\/\/mattiellose.com.br\/index.php\/wp-json\/wp\/v2\/pages\/274\/revisions\/693"}],"wp:attachment":[{"href":"https:\/\/mattiellose.com.br\/index.php\/wp-json\/wp\/v2\/media?parent=274"}],"curies":[{"name":"wp","href":"https:\/\/api.w.org\/{rel}","templated":true}]}}